{"id":6968,"date":"2025-08-24T15:51:55","date_gmt":"2025-08-24T18:51:55","guid":{"rendered":"http:\/\/vireon360.com.br\/?page_id=6968"},"modified":"2025-09-09T12:48:10","modified_gmt":"2025-09-09T15:48:10","slug":"front_page","status":"publish","type":"page","link":"https:\/\/vireon360.com.br\/","title":{"rendered":"P\u00e1gina Inicial"},"content":{"rendered":"\n\n\n\n\n\n\n\n\n\n\n\n\n\n\n\n\n\n\n\n\n<div class=\"alignnormal\"><div id=\"metaslider-id-7105\" style=\"width: 100%;\" class=\"ml-slider-3-100-1 metaslider metaslider-flex metaslider-7105 ml-slider ms-theme-clarity has-carousel-mode has-dots-nav\" role=\"region\" aria-label=\"New Slideshow\" data-height=\"400\" data-width=\"500\">\n    <div id=\"metaslider_container_7105\">\n        <div id=\"metaslider_7105\">\n            <ul aria-live='polite' class='slides'>\n                <li style=\"display: none; width: 100%;\" class=\"slide-7143 ms-image \" aria-roledescription=\"slide\" data-date=\"2025-08-25 22:28:23\"><img fetchpriority=\"high\" decoding=\"async\" src=\"https:\/\/vireon360.com.br\/wp-content\/uploads\/2025\/09\/1-1-500x400.png\" height=\"400\" width=\"500\" alt=\"\" class=\"slider-7105 slide-7143 msDefaultImage\" title=\"1\" \/><div class=\"caption-wrap\"><div class=\"caption\"><div><strong>Diagn\u00f3stico Vivo de Cultura\u2122 + Vis\u00e3o 360\u00ba<\/strong><br \/><br \/>Retrato fiel da cultura \u201cas-is\u201d; e leitura total da organiza\u00e7\u00e3o, vis\u00edvel e invis\u00edvel.<\/div><\/div><\/div><\/li>\n                <li style=\"display: none; width: 100%;\" class=\"slide-7144 ms-image \" aria-roledescription=\"slide\" data-date=\"2025-08-25 22:29:34\"><img decoding=\"async\" src=\"https:\/\/vireon360.com.br\/wp-content\/uploads\/2025\/09\/2-1-500x400.png\" height=\"400\" width=\"500\" alt=\"\" class=\"slider-7105 slide-7144 msDefaultImage\" title=\"2\" \/><div class=\"caption-wrap\"><div class=\"caption\"><div><strong><strong>Olhar Convergente<br \/><\/strong><br \/><\/strong><\/div> <div>Alinhamento entre s\u00f3cios, conselho e lideran\u00e7as para estabelecer e fortalecer um n\u00facleo decis\u00f3rio com mais consci\u00eancia.<\/div><\/div><\/div><\/li>\n                <li style=\"display: none; width: 100%;\" class=\"slide-7147 ms-image \" aria-roledescription=\"slide\" data-date=\"2025-08-25 22:30:28\"><img decoding=\"async\" src=\"https:\/\/vireon360.com.br\/wp-content\/uploads\/2025\/09\/httpswww.freepik.comfree-photostandard-quality-control-concept-m_36027725.htmfromViewsearchpage1position0uuid212409c7-332b-490c-9fad-26fd041c33ccqueryprotocolos-500x400.png\" height=\"400\" width=\"500\" alt=\"\" class=\"slider-7105 slide-7147 msDefaultImage\" title=\"httpswww.freepik.comfree-photostandard-quality-control-concept-m_36027725.htm#fromView=search&amp;page=1&amp;position=0&amp;uuid=212409c7-332b-490c-9fad-26fd041c33cc&amp;query=protocolos\" \/><div class=\"caption-wrap\"><div class=\"caption\"><div><strong>Extra\u00e7\u00e3o da Cultura\u2122<\/strong><br \/><br \/><\/div> <div>Tornar expl\u00edcito o DNA cultural: valores vivos, princ\u00edpios operacionais, hist\u00f3rias fundadoras, s\u00edmbolos e micro comportamentos.<\/div> <div>\u00a0<\/div><\/div><\/div><\/li>\n                <li style=\"display: none; width: 100%;\" class=\"slide-7148 ms-image \" aria-roledescription=\"slide\" data-date=\"2025-08-25 22:30:53\"><img loading=\"lazy\" decoding=\"async\" src=\"https:\/\/vireon360.com.br\/wp-content\/uploads\/2025\/09\/3-500x400.png\" height=\"400\" width=\"500\" alt=\"\" class=\"slider-7105 slide-7148 msDefaultImage\" title=\"3\" \/><div class=\"caption-wrap\"><div class=\"caption\"><div><strong>Regenera\u00e7\u00e3o Cultural<br \/><br \/><\/strong><\/div> <div>Redesenhos de padr\u00f5es e sistemas para ativar uma nova narrativa mais clara e potente.<\/div> <div>\u00a0<\/div><\/div><\/div><\/li>\n                <li style=\"display: none; width: 100%;\" class=\"slide-7149 ms-image \" aria-roledescription=\"slide\" data-date=\"2025-08-25 22:31:20\"><img loading=\"lazy\" decoding=\"async\" src=\"https:\/\/vireon360.com.br\/wp-content\/uploads\/2025\/09\/4-500x400.png\" height=\"400\" width=\"500\" alt=\"\" class=\"slider-7105 slide-7149 msDefaultImage\" title=\"4\" \/><div class=\"caption-wrap\"><div class=\"caption\"><div><strong>Implanta\u00e7\u00e3o Viva<\/strong><br \/><br \/><\/div> <div>Transforma\u00e7\u00e3o do conceito em experi\u00eancia - por meio de oficinas, talks, workshops, retiros e pr\u00e1ticas integrativas - para que a mudan\u00e7a aconte\u00e7a no dia a dia e n\u00e3o s\u00f3 no papel.<\/div><\/div><\/div><\/li>\n                <li style=\"display: none; width: 100%;\" class=\"slide-7150 ms-image \" aria-roledescription=\"slide\" data-date=\"2025-08-25 22:31:46\"><img loading=\"lazy\" decoding=\"async\" src=\"https:\/\/vireon360.com.br\/wp-content\/uploads\/2025\/09\/5-500x400.png\" height=\"400\" width=\"500\" alt=\"\" class=\"slider-7105 slide-7150 msDefaultImage\" title=\"5\" \/><div class=\"caption-wrap\"><div class=\"caption\"><div><strong>Ancoragem Estruturada<\/strong><br \/><br \/><\/div> <div>Pr\u00e1ticas e protocolos que tornam a cultura regenerativa parte do dia a dia, garantindo que ela seja compreendida, adotada e mantida de forma sustent\u00e1vel.<\/div> <div>\u00a0<\/div><\/div><\/div><\/li>\n                <li style=\"display: none; width: 100%;\" class=\"slide-7361 ms-image \" aria-roledescription=\"slide\" data-date=\"2025-08-29 12:52:11\"><img loading=\"lazy\" decoding=\"async\" src=\"https:\/\/vireon360.com.br\/wp-content\/uploads\/2025\/09\/6-500x400.png\" height=\"400\" width=\"500\" alt=\"\" class=\"slider-7105 slide-7361 msDefaultImage\" title=\"6\" \/><div class=\"caption-wrap\"><div class=\"caption\"><div><strong>Manuten\u00e7\u00e3o Viva<\/strong><\/div> <div> <p dir=\"ltr\">Evolu\u00e7\u00e3o monitorada atrav\u00e9s de indicadores, pain\u00e9is, revis\u00f5es\u00a0 estruturadas para upgrades constantes e sem regress\u00f5es.<\/p> <strong><\/strong><\/div> <div>\u00a0<\/div><\/div><\/div><\/li>\n            <\/ul>\n        <\/div>\n        \n    <\/div>\n<\/div><\/div>\n\n\n\n\n\n\n\n\n\n\n\n\n\n<div class=\"alignnormal\"><div id=\"metaslider-id-7125\" style=\"width: 100%;\" class=\"ml-slider-3-100-1 metaslider metaslider-flex metaslider-7125 ml-slider ms-theme-clarity has-carousel-mode has-dots-nav\" role=\"region\" aria-label=\"New Slideshow\" data-height=\"400\" data-width=\"400\">\n    <div id=\"metaslider_container_7125\">\n        <div id=\"metaslider_7125\">\n            <ul aria-live='polite' class='slides'>\n                <li style=\"display: none; width: 100%;\" class=\"slide-7126 ms-image \" aria-roledescription=\"slide\" data-date=\"2025-08-25 21:47:06\"><img loading=\"lazy\" decoding=\"async\" src=\"https:\/\/vireon360.com.br\/wp-content\/uploads\/2025\/08\/8-4-400x400.png\" height=\"400\" width=\"400\" alt=\"\" class=\"slider-7125 slide-7126 msDefaultImage\" title=\"8\" \/><div class=\"caption-wrap\"><div class=\"caption\"><div><strong>Startups e Scale-ups,<\/strong> que precisam crescer sem perder identidade.<\/div><\/div><\/div><\/li>\n                <li style=\"display: none; width: 100%;\" class=\"slide-7127 ms-image \" aria-roledescription=\"slide\" data-date=\"2025-08-25 21:47:06\"><img loading=\"lazy\" decoding=\"async\" src=\"https:\/\/vireon360.com.br\/wp-content\/uploads\/2025\/08\/1-3-400x400.png\" height=\"400\" width=\"400\" alt=\"\" class=\"slider-7125 slide-7127 msDefaultImage\" title=\"1\" \/><div class=\"caption-wrap\"><div class=\"caption\"><div class=\"wp-block wp-block-kubio-heading position-relative wp-block-kubio-heading__text style-qUM-Z94y8-text style-local-54-text\"><strong>Pequenas e M\u00e9dias Empresas,\u00a0<\/strong>em expans\u00e3o, sucess\u00e3o ou alinhamento societ\u00e1rio.<\/div><\/div><\/div><\/li>\n                <li style=\"display: none; width: 100%;\" class=\"slide-7128 ms-image \" aria-roledescription=\"slide\" data-date=\"2025-08-25 21:47:06\"><img loading=\"lazy\" decoding=\"async\" src=\"https:\/\/vireon360.com.br\/wp-content\/uploads\/2025\/08\/man-suit-stands-front-window-with-word-it-scaled-400x400.jpg\" height=\"400\" width=\"400\" alt=\"\" class=\"slider-7125 slide-7128 msDefaultImage\" title=\"man-suit-stands-front-window-with-word-it\" \/><div class=\"caption-wrap\"><div class=\"caption\"><div><strong>Grandes Corpora\u00e7\u00f5es e Multinacionais,<\/strong> que buscam integrar culturas, fortalecer governan\u00e7a e proteger reputa\u00e7\u00e3o.<\/div><\/div><\/div><\/li>\n                <li style=\"display: none; width: 100%;\" class=\"slide-7129 ms-image \" aria-roledescription=\"slide\" data-date=\"2025-08-25 21:47:07\"><img loading=\"lazy\" decoding=\"async\" src=\"https:\/\/vireon360.com.br\/wp-content\/uploads\/2025\/08\/4-2-400x400.png\" height=\"400\" width=\"400\" alt=\"\" class=\"slider-7125 slide-7129 msDefaultImage\" title=\"4\" \/><div class=\"caption-wrap\"><div class=\"caption\"><div><strong>L\u00edderes e Empreendedores,\u00a0<\/strong>que desejam unir performance e prop\u00f3sito.<\/div><\/div><\/div><\/li>\n                <li style=\"display: none; width: 100%;\" class=\"slide-7130 ms-image \" aria-roledescription=\"slide\" data-date=\"2025-08-25 21:47:07\"><img loading=\"lazy\" decoding=\"async\" src=\"https:\/\/vireon360.com.br\/wp-content\/uploads\/2025\/08\/3-3-400x400.png\" height=\"400\" width=\"400\" alt=\"\" class=\"slider-7125 slide-7130 msDefaultImage\" title=\"3\" \/><div class=\"caption-wrap\"><div class=\"caption\"><div><strong>Diretores de RH, Cultura e Clima, <\/strong>que precisam engajar talentos e reduzir turnover.<\/div><\/div><\/div><\/li>\n                <li style=\"display: none; width: 100%;\" class=\"slide-7131 ms-image \" aria-roledescription=\"slide\" data-date=\"2025-08-25 21:47:07\"><img loading=\"lazy\" decoding=\"async\" src=\"https:\/\/vireon360.com.br\/wp-content\/uploads\/2025\/08\/4-1-400x400.png\" height=\"400\" width=\"400\" alt=\"\" class=\"slider-7125 slide-7131 msDefaultImage\" title=\"4\" \/><div class=\"caption-wrap\"><div class=\"caption\"><div><strong>Investidores e Conselheiros,<\/strong> que querem reduzir riscos invis\u00edveis e assegurar crescimento sustent\u00e1vel.<\/div><\/div><\/div><\/li>\n            <\/ul>\n        <\/div>\n        \n    <\/div>\n<\/div><\/div>\n\n\n\n\n\n\n\n\n\n\n\n\n\n\n\n\n","protected":false},"excerpt":{"rendered":"","protected":false},"author":1,"featured_media":0,"parent":0,"menu_order":0,"comment_status":"closed","ping_status":"closed","template":"","meta":{"saved_in_kubio":true,"_joinchat":[],"footnotes":""},"class_list":["post-6968","page","type-page","status-publish","hentry"],"kubio_ai_page_context":{"short_desc":"","purpose":"general"},"featured_media_urls":[],"_links":{"self":[{"href":"https:\/\/vireon360.com.br\/index.php?rest_route=\/wp\/v2\/pages\/6968","targetHints":{"allow":["GET"]}}],"collection":[{"href":"https:\/\/vireon360.com.br\/index.php?rest_route=\/wp\/v2\/pages"}],"about":[{"href":"https:\/\/vireon360.com.br\/index.php?rest_route=\/wp\/v2\/types\/page"}],"author":[{"embeddable":true,"href":"https:\/\/vireon360.com.br\/index.php?rest_route=\/wp\/v2\/users\/1"}],"replies":[{"embeddable":true,"href":"https:\/\/vireon360.com.br\/index.php?rest_route=%2Fwp%2Fv2%2Fcomments&post=6968"}],"version-history":[{"count":182,"href":"https:\/\/vireon360.com.br\/index.php?rest_route=\/wp\/v2\/pages\/6968\/revisions"}],"predecessor-version":[{"id":7552,"href":"https:\/\/vireon360.com.br\/index.php?rest_route=\/wp\/v2\/pages\/6968\/revisions\/7552"}],"wp:attachment":[{"href":"https:\/\/vireon360.com.br\/index.php?rest_route=%2Fwp%2Fv2%2Fmedia&parent=6968"}],"curies":[{"name":"wp","href":"https:\/\/api.w.org\/{rel}","templated":true}]}}